{"id":117,"date":"2024-02-08T19:19:54","date_gmt":"2024-02-08T19:19:54","guid":{"rendered":"https:\/\/programatrainees.pt\/bpi\/?page_id=117"},"modified":"2026-03-18T15:19:24","modified_gmt":"2026-03-18T15:19:24","slug":"riscos","status":"publish","type":"page","link":"https:\/\/bpi.programatrainees.pt\/riscos\/","title":{"rendered":"riscos"},"content":{"rendered":"[et_pb_section fb_built=&#8221;1&#8243; admin_label=&#8221;section&#8221; _builder_version=&#8221;4.16&#8243; da_disable_devices=&#8221;off|off|off&#8221; global_colors_info=&#8221;{}&#8221; da_is_popup=&#8221;off&#8221; da_exit_intent=&#8221;off&#8221; da_has_close=&#8221;on&#8221; da_alt_close=&#8221;off&#8221; da_dark_close=&#8221;off&#8221; da_not_modal=&#8221;on&#8221; da_is_singular=&#8221;off&#8221; da_with_loader=&#8221;off&#8221; da_has_shadow=&#8221;on&#8221;][et_pb_row admin_label=&#8221;row&#8221; _builder_version=&#8221;4.16&#8243; background_size=&#8221;initial&#8221; background_position=&#8221;top_left&#8221; background_repeat=&#8221;repeat&#8221; global_colors_info=&#8221;{}&#8221;][et_pb_column type=&#8221;4_4&#8243; _builder_version=&#8221;4.16&#8243; custom_padding=&#8221;|||&#8221; global_colors_info=&#8221;{}&#8221; custom_padding__hover=&#8221;|||&#8221;][et_pb_text admin_label=&#8221;Text&#8221; _builder_version=&#8221;4.16&#8243; background_size=&#8221;initial&#8221; background_position=&#8221;top_left&#8221; background_repeat=&#8221;repeat&#8221; global_colors_info=&#8221;{}&#8221;][\/et_pb_text][\/et_pb_column][\/et_pb_row][\/et_pb_section]","protected":false},"excerpt":{"rendered":"","protected":false},"author":1,"featured_media":0,"parent":0,"menu_order":0,"comment_status":"closed","ping_status":"closed","template":"","meta":{"_et_pb_use_builder":"on","_et_pb_old_content":"<!-- wp:divi\/placeholder \/-->","_et_gb_content_width":"","inline_featured_image":false,"footnotes":""},"class_list":["post-117","page","type-page","status-publish","hentry"],"yoast_head":"<!-- This site is optimized with the Yoast SEO plugin v22.2 - https:\/\/yoast.com\/wordpress\/plugins\/seo\/ -->\n<title>Academia de Riscos BPI<\/title>\n<meta name=\"description\" content=\"Especializa-te na Academia de Riscos do BPI. Oportunidades em Risk Management, Business Analytics e Modelos Preditivos para finalistas e rec\u00e9m-graduados em \u00e1reas STEM, Engenharia, Ci\u00eancia de Dados, Matem\u00e1tica, Economia ou Gest\u00e3o. Candidata-te em Lisboa ou Porto.\" \/>\n<meta name=\"robots\" content=\"index, follow, max-snippet:-1, max-image-preview:large, max-video-preview:-1\" \/>\n<link rel=\"canonical\" href=\"https:\/\/bpi.programatrainees.pt\/riscos\/\" \/>\n<meta property=\"og:locale\" content=\"pt_PT\" \/>\n<meta property=\"og:type\" content=\"article\" \/>\n<meta property=\"og:title\" content=\"Academia de Riscos BPI\" \/>\n<meta property=\"og:description\" content=\"Especializa-te na Academia de Riscos do BPI. Oportunidades em Risk Management, Business Analytics e Modelos Preditivos para finalistas e rec\u00e9m-graduados em \u00e1reas STEM, Engenharia, Ci\u00eancia de Dados, Matem\u00e1tica, Economia ou Gest\u00e3o. Candidata-te em Lisboa ou Porto.\" \/>\n<meta property=\"og:url\" content=\"https:\/\/bpi.programatrainees.pt\/riscos\/\" \/>\n<meta property=\"og:site_name\" content=\"Academia de Riscos BPI\" \/>\n<meta property=\"article:modified_time\" content=\"2026-03-18T15:19:24+00:00\" \/>\n<meta property=\"og:image\" content=\"https:\/\/bpi.programatrainees.pt\/riscos\/wp-content\/uploads\/2026\/03\/Metatag-BPI_Riscos.jpg\" \/>\n\t<meta property=\"og:image:width\" content=\"2500\" \/>\n\t<meta property=\"og:image:height\" content=\"1312\" \/>\n\t<meta property=\"og:image:type\" content=\"image\/jpeg\" \/>\n<meta name=\"twitter:card\" content=\"summary_large_image\" \/>\n<script type=\"application\/ld+json\" class=\"yoast-schema-graph\">{\"@context\":\"https:\/\/schema.org\",\"@graph\":[{\"@type\":\"WebPage\",\"@id\":\"https:\/\/bpi.programatrainees.pt\/riscos\/\",\"url\":\"https:\/\/bpi.programatrainees.pt\/riscos\/\",\"name\":\"Academia de Riscos BPI\",\"isPartOf\":{\"@id\":\"https:\/\/bpi.programatrainees.pt\/riscos\/#website\"},\"datePublished\":\"2024-02-08T19:19:54+00:00\",\"dateModified\":\"2026-03-18T15:19:24+00:00\",\"description\":\"Especializa-te na Academia de Riscos do BPI. Oportunidades em Risk Management, Business Analytics e Modelos Preditivos para finalistas e rec\u00e9m-graduados em \u00e1reas STEM, Engenharia, Ci\u00eancia de Dados, Matem\u00e1tica, Economia ou Gest\u00e3o. Candidata-te em Lisboa ou Porto.\",\"breadcrumb\":{\"@id\":\"https:\/\/bpi.programatrainees.pt\/riscos\/#breadcrumb\"},\"inLanguage\":\"pt-PT\",\"potentialAction\":[{\"@type\":\"ReadAction\",\"target\":[\"https:\/\/bpi.programatrainees.pt\/riscos\/\"]}]},{\"@type\":\"BreadcrumbList\",\"@id\":\"https:\/\/bpi.programatrainees.pt\/riscos\/#breadcrumb\",\"itemListElement\":[{\"@type\":\"ListItem\",\"position\":1,\"name\":\"In\u00edcio\",\"item\":\"https:\/\/bpi.programatrainees.pt\/riscos\/\"},{\"@type\":\"ListItem\",\"position\":2,\"name\":\"riscos\"}]},{\"@type\":\"WebSite\",\"@id\":\"https:\/\/bpi.programatrainees.pt\/riscos\/#website\",\"url\":\"https:\/\/bpi.programatrainees.pt\/riscos\/\",\"name\":\"Academia de Riscos BPI\",\"description\":\"Especializa-te na Academia de Riscos do BPI. Oportunidades em Risk Management, Business Analytics e Modelos Preditivos para finalistas e rec\u00e9m-graduados em \u00e1reas STEM, Engenharia, Ci\u00eancia de Dados, Matem\u00e1tica, Economia ou Gest\u00e3o. Candidata-te em Lisboa ou Porto.\",\"publisher\":{\"@id\":\"https:\/\/bpi.programatrainees.pt\/riscos\/#organization\"},\"alternateName\":\"Academia de Riscos BPI\",\"potentialAction\":[{\"@type\":\"SearchAction\",\"target\":{\"@type\":\"EntryPoint\",\"urlTemplate\":\"https:\/\/bpi.programatrainees.pt\/riscos\/?s={search_term_string}\"},\"query-input\":\"required name=search_term_string\"}],\"inLanguage\":\"pt-PT\"},{\"@type\":\"Organization\",\"@id\":\"https:\/\/bpi.programatrainees.pt\/riscos\/#organization\",\"name\":\"Academia de Riscos BPI\",\"url\":\"https:\/\/bpi.programatrainees.pt\/riscos\/\",\"logo\":{\"@type\":\"ImageObject\",\"inLanguage\":\"pt-PT\",\"@id\":\"https:\/\/bpi.programatrainees.pt\/riscos\/#\/schema\/logo\/image\/\",\"url\":\"https:\/\/bpi.programatrainees.pt\/riscos\/wp-content\/uploads\/2023\/06\/Logo_BPI_CxB.png\",\"contentUrl\":\"https:\/\/bpi.programatrainees.pt\/riscos\/wp-content\/uploads\/2023\/06\/Logo_BPI_CxB.png\",\"width\":701,\"height\":125,\"caption\":\"Academia de Riscos BPI\"},\"image\":{\"@id\":\"https:\/\/bpi.programatrainees.pt\/riscos\/#\/schema\/logo\/image\/\"}}]}<\/script>\n<!-- \/ Yoast SEO plugin. -->","yoast_head_json":{"title":"Academia de Riscos BPI","description":"Especializa-te na Academia de Riscos do BPI. Oportunidades em Risk Management, Business Analytics e Modelos Preditivos para finalistas e rec\u00e9m-graduados em \u00e1reas STEM, Engenharia, Ci\u00eancia de Dados, Matem\u00e1tica, Economia ou Gest\u00e3o. Candidata-te em Lisboa ou Porto.","robots":{"index":"index","follow":"follow","max-snippet":"max-snippet:-1","max-image-preview":"max-image-preview:large","max-video-preview":"max-video-preview:-1"},"canonical":"https:\/\/bpi.programatrainees.pt\/riscos\/","og_locale":"pt_PT","og_type":"article","og_title":"Academia de Riscos BPI","og_description":"Especializa-te na Academia de Riscos do BPI. Oportunidades em Risk Management, Business Analytics e Modelos Preditivos para finalistas e rec\u00e9m-graduados em \u00e1reas STEM, Engenharia, Ci\u00eancia de Dados, Matem\u00e1tica, Economia ou Gest\u00e3o. Candidata-te em Lisboa ou Porto.","og_url":"https:\/\/bpi.programatrainees.pt\/riscos\/","og_site_name":"Academia de Riscos BPI","article_modified_time":"2026-03-18T15:19:24+00:00","og_image":[{"width":2500,"height":1312,"url":"https:\/\/bpi.programatrainees.pt\/riscos\/wp-content\/uploads\/2026\/03\/Metatag-BPI_Riscos.jpg","type":"image\/jpeg"}],"twitter_card":"summary_large_image","schema":{"@context":"https:\/\/schema.org","@graph":[{"@type":"WebPage","@id":"https:\/\/bpi.programatrainees.pt\/riscos\/","url":"https:\/\/bpi.programatrainees.pt\/riscos\/","name":"Academia de Riscos BPI","isPartOf":{"@id":"https:\/\/bpi.programatrainees.pt\/riscos\/#website"},"datePublished":"2024-02-08T19:19:54+00:00","dateModified":"2026-03-18T15:19:24+00:00","description":"Especializa-te na Academia de Riscos do BPI. Oportunidades em Risk Management, Business Analytics e Modelos Preditivos para finalistas e rec\u00e9m-graduados em \u00e1reas STEM, Engenharia, Ci\u00eancia de Dados, Matem\u00e1tica, Economia ou Gest\u00e3o. Candidata-te em Lisboa ou Porto.","breadcrumb":{"@id":"https:\/\/bpi.programatrainees.pt\/riscos\/#breadcrumb"},"inLanguage":"pt-PT","potentialAction":[{"@type":"ReadAction","target":["https:\/\/bpi.programatrainees.pt\/riscos\/"]}]},{"@type":"BreadcrumbList","@id":"https:\/\/bpi.programatrainees.pt\/riscos\/#breadcrumb","itemListElement":[{"@type":"ListItem","position":1,"name":"In\u00edcio","item":"https:\/\/bpi.programatrainees.pt\/riscos\/"},{"@type":"ListItem","position":2,"name":"riscos"}]},{"@type":"WebSite","@id":"https:\/\/bpi.programatrainees.pt\/riscos\/#website","url":"https:\/\/bpi.programatrainees.pt\/riscos\/","name":"Academia de Riscos BPI","description":"Especializa-te na Academia de Riscos do BPI. Oportunidades em Risk Management, Business Analytics e Modelos Preditivos para finalistas e rec\u00e9m-graduados em \u00e1reas STEM, Engenharia, Ci\u00eancia de Dados, Matem\u00e1tica, Economia ou Gest\u00e3o. Candidata-te em Lisboa ou Porto.","publisher":{"@id":"https:\/\/bpi.programatrainees.pt\/riscos\/#organization"},"alternateName":"Academia de Riscos BPI","potentialAction":[{"@type":"SearchAction","target":{"@type":"EntryPoint","urlTemplate":"https:\/\/bpi.programatrainees.pt\/riscos\/?s={search_term_string}"},"query-input":"required name=search_term_string"}],"inLanguage":"pt-PT"},{"@type":"Organization","@id":"https:\/\/bpi.programatrainees.pt\/riscos\/#organization","name":"Academia de Riscos BPI","url":"https:\/\/bpi.programatrainees.pt\/riscos\/","logo":{"@type":"ImageObject","inLanguage":"pt-PT","@id":"https:\/\/bpi.programatrainees.pt\/riscos\/#\/schema\/logo\/image\/","url":"https:\/\/bpi.programatrainees.pt\/riscos\/wp-content\/uploads\/2023\/06\/Logo_BPI_CxB.png","contentUrl":"https:\/\/bpi.programatrainees.pt\/riscos\/wp-content\/uploads\/2023\/06\/Logo_BPI_CxB.png","width":701,"height":125,"caption":"Academia de Riscos BPI"},"image":{"@id":"https:\/\/bpi.programatrainees.pt\/riscos\/#\/schema\/logo\/image\/"}}]}},"_links":{"self":[{"href":"https:\/\/bpi.programatrainees.pt\/riscos\/wp-json\/wp\/v2\/pages\/117","targetHints":{"allow":["GET"]}}],"collection":[{"href":"https:\/\/bpi.programatrainees.pt\/riscos\/wp-json\/wp\/v2\/pages"}],"about":[{"href":"https:\/\/bpi.programatrainees.pt\/riscos\/wp-json\/wp\/v2\/types\/page"}],"author":[{"embeddable":true,"href":"https:\/\/bpi.programatrainees.pt\/riscos\/wp-json\/wp\/v2\/users\/1"}],"replies":[{"embeddable":true,"href":"https:\/\/bpi.programatrainees.pt\/riscos\/wp-json\/wp\/v2\/comments?post=117"}],"version-history":[{"count":6,"href":"https:\/\/bpi.programatrainees.pt\/riscos\/wp-json\/wp\/v2\/pages\/117\/revisions"}],"predecessor-version":[{"id":654,"href":"https:\/\/bpi.programatrainees.pt\/riscos\/wp-json\/wp\/v2\/pages\/117\/revisions\/654"}],"wp:attachment":[{"href":"https:\/\/bpi.programatrainees.pt\/riscos\/wp-json\/wp\/v2\/media?parent=117"}],"curies":[{"name":"wp","href":"https:\/\/api.w.org\/{rel}","templated":true}]}}